{"id":1113,"date":"2025-01-10T18:34:20","date_gmt":"2025-01-10T17:34:20","guid":{"rendered":"https:\/\/www.alpesaventures.com\/?page_id=1113"},"modified":"2025-10-31T16:35:32","modified_gmt":"2025-10-31T15:35:32","slug":"base","status":"publish","type":"page","link":"https:\/\/www.alpesaventures.com\/en\/base\/","title":{"rendered":"Our offers"},"content":{"rendered":"<div class=\"wp-block-group alignwide\"><div class=\"wp-block-group__inner-container is-layout-constrained wp-block-group-is-layout-constrained\">\n<h2 class=\"wp-block-heading alignwide\">WORKSHOPS<\/h2>\n\n\n\n<hr class=\"wp-block-separator alignwide has-text-color has-primary-color has-alpha-channel-opacity has-primary-background-color has-background is-style-wide\"\/>\n\n\n\n<div class=\"wp-block-group\"><div class=\"wp-block-group__inner-container is-layout-constrained wp-block-group-is-layout-constrained\"><\/div><\/div>\n\n\n\n<div style=\"height:100px\" aria-hidden=\"true\" class=\"wp-block-spacer\"><\/div>\n\n\n\n<div class=\"wp-block-columns alignwide is-layout-flex wp-container-core-columns-is-layout-9d6595d7 wp-block-columns-is-layout-flex\">\n<div class=\"wp-block-column is-layout-flow wp-block-column-is-layout-flow\">\n<h3 class=\"wp-block-heading\">MEGEVE<\/h3>\n\n\n                <div class=\"card\">\n                                        <figure class=\"card__figure\">\n                    <img loading=\"lazy\" decoding=\"async\" src=\"https:\/\/www.alpesaventures.com\/wp-content\/uploads\/2025\/10\/megeve-238x300.jpg\" srcset=\"https:\/\/www.alpesaventures.com\/wp-content\/uploads\/2025\/10\/megeve-238x300.jpg 238w, https:\/\/www.alpesaventures.com\/wp-content\/uploads\/2025\/10\/megeve-10x12.jpg 10w, https:\/\/www.alpesaventures.com\/wp-content\/uploads\/2025\/10\/megeve.jpg 521w\" sizes=\"auto\" width=\"238\" height=\"300\" alt=\"\"aria-hidden=\"true\">\n                <\/figure>\n            \n            <div class=\"card__content\">\n                \n                \n                            <\/div>\n\n                    <\/div>\n    <\/div>\n\n\n\n<div class=\"wp-block-column is-layout-flow wp-block-column-is-layout-flow\">\n<h3 class=\"wp-block-heading\">LA CLUSAZ<\/h3>\n\n\n                <div class=\"card\">\n                                        <figure class=\"card__figure\">\n                    <img loading=\"lazy\" decoding=\"async\" src=\"https:\/\/www.alpesaventures.com\/wp-content\/uploads\/2025\/10\/lcz-238x300.jpg\" srcset=\"https:\/\/www.alpesaventures.com\/wp-content\/uploads\/2025\/10\/lcz-238x300.jpg 238w, https:\/\/www.alpesaventures.com\/wp-content\/uploads\/2025\/10\/lcz-10x12.jpg 10w, https:\/\/www.alpesaventures.com\/wp-content\/uploads\/2025\/10\/lcz.jpg 521w\" sizes=\"auto\" width=\"238\" height=\"300\" alt=\"\"aria-hidden=\"true\">\n                <\/figure>\n            \n            <div class=\"card__content\">\n                \n                \n                            <\/div>\n\n                    <\/div>\n    <\/div>\n<\/div>\n\n\n\n<div style=\"height:100px\" aria-hidden=\"true\" class=\"wp-block-spacer\"><\/div>\n<\/div><\/div>\n\n\n\n<div class=\"wp-block-group alignwide\"><div class=\"wp-block-group__inner-container is-layout-constrained wp-block-group-is-layout-constrained\">\n<h2 class=\"wp-block-heading alignwide\">SECOND-HAND BIKES<\/h2>\n\n\n\n<hr class=\"wp-block-separator alignwide has-text-color has-primary-color has-alpha-channel-opacity has-primary-background-color has-background is-style-wide\"\/>\n\n\n\n<div class=\"wp-block-group\"><div class=\"wp-block-group__inner-container is-layout-constrained wp-block-group-is-layout-constrained\"><\/div><\/div>\n\n\n\n<div style=\"height:100px\" aria-hidden=\"true\" class=\"wp-block-spacer\"><\/div>\n\n\n\n<div class=\"wp-block-columns alignwide is-layout-flex wp-container-core-columns-is-layout-9d6595d7 wp-block-columns-is-layout-flex\">\n<div class=\"wp-block-column is-layout-flow wp-block-column-is-layout-flow\">                <div class=\"card\">\n                                        <figure class=\"card__figure\">\n                    <img loading=\"lazy\" decoding=\"async\" src=\"https:\/\/www.alpesaventures.com\/wp-content\/uploads\/2025\/10\/2-240x300.png\" srcset=\"https:\/\/www.alpesaventures.com\/wp-content\/uploads\/2025\/10\/2-240x300.png 240w, https:\/\/www.alpesaventures.com\/wp-content\/uploads\/2025\/10\/2-819x1024.png 819w, https:\/\/www.alpesaventures.com\/wp-content\/uploads\/2025\/10\/2-768x960.png 768w, https:\/\/www.alpesaventures.com\/wp-content\/uploads\/2025\/10\/2-10x12.png 10w, https:\/\/www.alpesaventures.com\/wp-content\/uploads\/2025\/10\/2.png 1080w\" sizes=\"auto\" width=\"240\" height=\"300\" alt=\"\"aria-hidden=\"true\">\n                <\/figure>\n            \n            <div class=\"card__content\">\n                \n                \n                            <\/div>\n\n                    <\/div>\n    <\/div>\n\n\n\n<div class=\"wp-block-column is-layout-flow wp-block-column-is-layout-flow\">                <div class=\"card\">\n                                        <figure class=\"card__figure\">\n                    <img loading=\"lazy\" decoding=\"async\" src=\"https:\/\/www.alpesaventures.com\/wp-content\/uploads\/2025\/10\/5-240x300.png\" srcset=\"https:\/\/www.alpesaventures.com\/wp-content\/uploads\/2025\/10\/5-240x300.png 240w, https:\/\/www.alpesaventures.com\/wp-content\/uploads\/2025\/10\/5-819x1024.png 819w, https:\/\/www.alpesaventures.com\/wp-content\/uploads\/2025\/10\/5-768x960.png 768w, https:\/\/www.alpesaventures.com\/wp-content\/uploads\/2025\/10\/5-10x12.png 10w, https:\/\/www.alpesaventures.com\/wp-content\/uploads\/2025\/10\/5.png 1080w\" sizes=\"auto\" width=\"240\" height=\"300\" alt=\"\"aria-hidden=\"true\">\n                <\/figure>\n            \n            <div class=\"card__content\">\n                \n                \n                            <\/div>\n\n                    <\/div>\n    <\/div>\n\n\n\n<div class=\"wp-block-column is-layout-flow wp-block-column-is-layout-flow\">                <div class=\"card\">\n                                        <figure class=\"card__figure\">\n                    <img loading=\"lazy\" decoding=\"async\" src=\"https:\/\/www.alpesaventures.com\/wp-content\/uploads\/2025\/10\/6-240x300.png\" srcset=\"https:\/\/www.alpesaventures.com\/wp-content\/uploads\/2025\/10\/6-240x300.png 240w, https:\/\/www.alpesaventures.com\/wp-content\/uploads\/2025\/10\/6-819x1024.png 819w, https:\/\/www.alpesaventures.com\/wp-content\/uploads\/2025\/10\/6-768x960.png 768w, https:\/\/www.alpesaventures.com\/wp-content\/uploads\/2025\/10\/6-10x12.png 10w, https:\/\/www.alpesaventures.com\/wp-content\/uploads\/2025\/10\/6.png 1080w\" sizes=\"auto\" width=\"240\" height=\"300\" alt=\"\"aria-hidden=\"true\">\n                <\/figure>\n            \n            <div class=\"card__content\">\n                \n                \n                            <\/div>\n\n                    <\/div>\n    <\/div>\n<\/div>\n\n\n\n<div class=\"wp-block-columns alignwide is-layout-flex wp-container-core-columns-is-layout-9d6595d7 wp-block-columns-is-layout-flex\">\n<div class=\"wp-block-column is-layout-flow wp-block-column-is-layout-flow\">                <div class=\"card\">\n                                        <figure class=\"card__figure\">\n                    <img loading=\"lazy\" decoding=\"async\" src=\"https:\/\/www.alpesaventures.com\/wp-content\/uploads\/2025\/10\/4-240x300.png\" srcset=\"https:\/\/www.alpesaventures.com\/wp-content\/uploads\/2025\/10\/4-240x300.png 240w, https:\/\/www.alpesaventures.com\/wp-content\/uploads\/2025\/10\/4-819x1024.png 819w, https:\/\/www.alpesaventures.com\/wp-content\/uploads\/2025\/10\/4-768x960.png 768w, https:\/\/www.alpesaventures.com\/wp-content\/uploads\/2025\/10\/4-10x12.png 10w, https:\/\/www.alpesaventures.com\/wp-content\/uploads\/2025\/10\/4.png 1080w\" sizes=\"auto\" width=\"240\" height=\"300\" alt=\"\"aria-hidden=\"true\">\n                <\/figure>\n            \n            <div class=\"card__content\">\n                \n                \n                            <\/div>\n\n                    <\/div>\n    <\/div>\n\n\n\n<div class=\"wp-block-column is-layout-flow wp-block-column-is-layout-flow\">                <div class=\"card\">\n                                        <figure class=\"card__figure\">\n                    <img loading=\"lazy\" decoding=\"async\" src=\"https:\/\/www.alpesaventures.com\/wp-content\/uploads\/2025\/10\/3-240x300.png\" srcset=\"https:\/\/www.alpesaventures.com\/wp-content\/uploads\/2025\/10\/3-240x300.png 240w, https:\/\/www.alpesaventures.com\/wp-content\/uploads\/2025\/10\/3-819x1024.png 819w, https:\/\/www.alpesaventures.com\/wp-content\/uploads\/2025\/10\/3-768x960.png 768w, https:\/\/www.alpesaventures.com\/wp-content\/uploads\/2025\/10\/3-10x12.png 10w, https:\/\/www.alpesaventures.com\/wp-content\/uploads\/2025\/10\/3.png 1080w\" sizes=\"auto\" width=\"240\" height=\"300\" alt=\"\"aria-hidden=\"true\">\n                <\/figure>\n            \n            <div class=\"card__content\">\n                \n                \n                            <\/div>\n\n                    <\/div>\n    <\/div>\n\n\n\n<div class=\"wp-block-column is-layout-flow wp-block-column-is-layout-flow\"><\/div>\n<\/div>\n\n\n\n<div style=\"height:100px\" aria-hidden=\"true\" class=\"wp-block-spacer\"><\/div>\n<\/div><\/div>","protected":false},"excerpt":{"rendered":"<p>ATELIERS MEGEVE LA CLUSAZ OCCASIONS VELOS<\/p>","protected":false},"author":5,"featured_media":0,"parent":0,"menu_order":0,"comment_status":"closed","ping_status":"closed","template":"","meta":{"_acf_changed":false,"inline_featured_image":false,"footnotes":""},"class_list":["post-1113","page","type-page","status-publish","hentry"],"acf":[],"yoast_head":"<!-- This site is optimized with the Yoast SEO plugin v27.4 - https:\/\/yoast.com\/product\/yoast-seo-wordpress\/ -->\n<title>Nos Offres - Alpes Aventures<\/title>\n<meta name=\"robots\" content=\"index, follow, max-snippet:-1, max-image-preview:large, max-video-preview:-1\" \/>\n<link rel=\"canonical\" href=\"https:\/\/www.alpesaventures.com\/en\/base\/\" \/>\n<meta property=\"og:locale\" content=\"en_GB\" \/>\n<meta property=\"og:type\" content=\"article\" \/>\n<meta property=\"og:title\" content=\"Nos Offres - Alpes Aventures\" \/>\n<meta property=\"og:description\" content=\"ATELIERS MEGEVE LA CLUSAZ OCCASIONS VELOS\" \/>\n<meta property=\"og:url\" content=\"https:\/\/www.alpesaventures.com\/en\/base\/\" \/>\n<meta property=\"og:site_name\" content=\"Alpes Aventures\" \/>\n<meta property=\"article:modified_time\" content=\"2025-10-31T15:35:32+00:00\" \/>\n<meta name=\"twitter:card\" content=\"summary_large_image\" \/>\n<meta name=\"twitter:label1\" content=\"Estimated reading time\" \/>\n\t<meta name=\"twitter:data1\" content=\"1 minute\" \/>\n<script type=\"application\/ld+json\" class=\"yoast-schema-graph\">{\"@context\":\"https:\\\/\\\/schema.org\",\"@graph\":[{\"@type\":\"WebPage\",\"@id\":\"https:\\\/\\\/www.alpesaventures.com\\\/base\\\/\",\"url\":\"https:\\\/\\\/www.alpesaventures.com\\\/base\\\/\",\"name\":\"Nos Offres - Alpes Aventures\",\"isPartOf\":{\"@id\":\"https:\\\/\\\/www.alpesaventures.com\\\/#website\"},\"datePublished\":\"2025-01-10T17:34:20+00:00\",\"dateModified\":\"2025-10-31T15:35:32+00:00\",\"breadcrumb\":{\"@id\":\"https:\\\/\\\/www.alpesaventures.com\\\/base\\\/#breadcrumb\"},\"inLanguage\":\"en-GB\",\"potentialAction\":[{\"@type\":\"ReadAction\",\"target\":[\"https:\\\/\\\/www.alpesaventures.com\\\/base\\\/\"]}]},{\"@type\":\"BreadcrumbList\",\"@id\":\"https:\\\/\\\/www.alpesaventures.com\\\/base\\\/#breadcrumb\",\"itemListElement\":[{\"@type\":\"ListItem\",\"position\":1,\"name\":\"Accueil\",\"item\":\"https:\\\/\\\/www.alpesaventures.com\\\/\"},{\"@type\":\"ListItem\",\"position\":2,\"name\":\"Nos Offres\"}]},{\"@type\":\"WebSite\",\"@id\":\"https:\\\/\\\/www.alpesaventures.com\\\/#website\",\"url\":\"https:\\\/\\\/www.alpesaventures.com\\\/\",\"name\":\"Alpes Aventures\",\"description\":\", location de v\u00e9lo &amp; s\u00e9jours, activit\u00e9s VTT\",\"publisher\":{\"@id\":\"https:\\\/\\\/www.alpesaventures.com\\\/#organization\"},\"potentialAction\":[{\"@type\":\"SearchAction\",\"target\":{\"@type\":\"EntryPoint\",\"urlTemplate\":\"https:\\\/\\\/www.alpesaventures.com\\\/?s={search_term_string}\"},\"query-input\":{\"@type\":\"PropertyValueSpecification\",\"valueRequired\":true,\"valueName\":\"search_term_string\"}}],\"inLanguage\":\"en-GB\"},{\"@type\":\"Organization\",\"@id\":\"https:\\\/\\\/www.alpesaventures.com\\\/#organization\",\"name\":\"Alpes Aventures\",\"url\":\"https:\\\/\\\/www.alpesaventures.com\\\/\",\"logo\":{\"@type\":\"ImageObject\",\"inLanguage\":\"en-GB\",\"@id\":\"https:\\\/\\\/www.alpesaventures.com\\\/#\\\/schema\\\/logo\\\/image\\\/\",\"url\":\"https:\\\/\\\/www.alpesaventures.com\\\/wp-content\\\/uploads\\\/2024\\\/09\\\/alpes_aventures.png\",\"contentUrl\":\"https:\\\/\\\/www.alpesaventures.com\\\/wp-content\\\/uploads\\\/2024\\\/09\\\/alpes_aventures.png\",\"width\":322,\"height\":45,\"caption\":\"Alpes Aventures\"},\"image\":{\"@id\":\"https:\\\/\\\/www.alpesaventures.com\\\/#\\\/schema\\\/logo\\\/image\\\/\"}}]}<\/script>\n<!-- \/ Yoast SEO plugin. -->","yoast_head_json":{"title":"Our Offers - Alpes Aventures","robots":{"index":"index","follow":"follow","max-snippet":"max-snippet:-1","max-image-preview":"max-image-preview:large","max-video-preview":"max-video-preview:-1"},"canonical":"https:\/\/www.alpesaventures.com\/en\/base\/","og_locale":"en_GB","og_type":"article","og_title":"Nos Offres - Alpes Aventures","og_description":"ATELIERS MEGEVE LA CLUSAZ OCCASIONS VELOS","og_url":"https:\/\/www.alpesaventures.com\/en\/base\/","og_site_name":"Alpes Aventures","article_modified_time":"2025-10-31T15:35:32+00:00","twitter_card":"summary_large_image","twitter_misc":{"Estimated reading time":"1 minute"},"schema":{"@context":"https:\/\/schema.org","@graph":[{"@type":"WebPage","@id":"https:\/\/www.alpesaventures.com\/base\/","url":"https:\/\/www.alpesaventures.com\/base\/","name":"Our Offers - Alpes Aventures","isPartOf":{"@id":"https:\/\/www.alpesaventures.com\/#website"},"datePublished":"2025-01-10T17:34:20+00:00","dateModified":"2025-10-31T15:35:32+00:00","breadcrumb":{"@id":"https:\/\/www.alpesaventures.com\/base\/#breadcrumb"},"inLanguage":"en-GB","potentialAction":[{"@type":"ReadAction","target":["https:\/\/www.alpesaventures.com\/base\/"]}]},{"@type":"BreadcrumbList","@id":"https:\/\/www.alpesaventures.com\/base\/#breadcrumb","itemListElement":[{"@type":"ListItem","position":1,"name":"Accueil","item":"https:\/\/www.alpesaventures.com\/"},{"@type":"ListItem","position":2,"name":"Nos Offres"}]},{"@type":"WebSite","@id":"https:\/\/www.alpesaventures.com\/#website","url":"https:\/\/www.alpesaventures.com\/","name":"Alpes Aventures","description":"bike hire &amp; breaks, mountain biking activities","publisher":{"@id":"https:\/\/www.alpesaventures.com\/#organization"},"potentialAction":[{"@type":"SearchAction","target":{"@type":"EntryPoint","urlTemplate":"https:\/\/www.alpesaventures.com\/?s={search_term_string}"},"query-input":{"@type":"PropertyValueSpecification","valueRequired":true,"valueName":"search_term_string"}}],"inLanguage":"en-GB"},{"@type":"Organization","@id":"https:\/\/www.alpesaventures.com\/#organization","name":"Alpes Aventures","url":"https:\/\/www.alpesaventures.com\/","logo":{"@type":"ImageObject","inLanguage":"en-GB","@id":"https:\/\/www.alpesaventures.com\/#\/schema\/logo\/image\/","url":"https:\/\/www.alpesaventures.com\/wp-content\/uploads\/2024\/09\/alpes_aventures.png","contentUrl":"https:\/\/www.alpesaventures.com\/wp-content\/uploads\/2024\/09\/alpes_aventures.png","width":322,"height":45,"caption":"Alpes Aventures"},"image":{"@id":"https:\/\/www.alpesaventures.com\/#\/schema\/logo\/image\/"}}]}},"_links":{"self":[{"href":"https:\/\/www.alpesaventures.com\/en\/wp-json\/wp\/v2\/pages\/1113","targetHints":{"allow":["GET"]}}],"collection":[{"href":"https:\/\/www.alpesaventures.com\/en\/wp-json\/wp\/v2\/pages"}],"about":[{"href":"https:\/\/www.alpesaventures.com\/en\/wp-json\/wp\/v2\/types\/page"}],"author":[{"embeddable":true,"href":"https:\/\/www.alpesaventures.com\/en\/wp-json\/wp\/v2\/users\/5"}],"replies":[{"embeddable":true,"href":"https:\/\/www.alpesaventures.com\/en\/wp-json\/wp\/v2\/comments?post=1113"}],"version-history":[{"count":32,"href":"https:\/\/www.alpesaventures.com\/en\/wp-json\/wp\/v2\/pages\/1113\/revisions"}],"predecessor-version":[{"id":2351,"href":"https:\/\/www.alpesaventures.com\/en\/wp-json\/wp\/v2\/pages\/1113\/revisions\/2351"}],"wp:attachment":[{"href":"https:\/\/www.alpesaventures.com\/en\/wp-json\/wp\/v2\/media?parent=1113"}],"curies":[{"name":"wp","href":"https:\/\/api.w.org\/{rel}","templated":true}]}}